{"id":2478,"date":"2025-01-16T11:25:50","date_gmt":"2025-01-16T14:25:50","guid":{"rendered":"https:\/\/originaisdechicoxavier.com.br\/?page_id=2478"},"modified":"2025-01-16T11:26:55","modified_gmt":"2025-01-16T14:26:55","slug":"sementeira-de-luz","status":"publish","type":"page","link":"https:\/\/originaisdechicoxavier.com.br\/?page_id=2478","title":{"rendered":"Sementeira de Luz"},"content":{"rendered":"\n<ul class=\"lcp_catlist\" id=\"lcp_instance_0\"><li><a href=\"https:\/\/originaisdechicoxavier.com.br\/?p=1790\">O continente, a embarca\u00e7\u00e3o, o cais e<\/a>  1949-09-21<\/li><li><a href=\"https:\/\/originaisdechicoxavier.com.br\/?p=1789\">No dia de C\u00e9lia<\/a>  1949-06-22<\/li><li><a href=\"https:\/\/originaisdechicoxavier.com.br\/?p=1489\">Despedida do 1945<\/a>  1945-12-26<\/li><li><a href=\"https:\/\/originaisdechicoxavier.com.br\/?p=1442\">Os meus sinseros parab\u00eans ao R\u00f4mulo<\/a>  1945-12-19<\/li><li><a href=\"https:\/\/originaisdechicoxavier.com.br\/?p=1432\">Situa\u00e7\u00e3o pol\u00edtica do nosso pa\u00eds<\/a>  1945-12-05<\/li><li><a href=\"https:\/\/originaisdechicoxavier.com.br\/?p=1495\">10 anivers\u00e1rio do grupo Dom\u00e9stico<\/a>  1945-11-14<\/li><li><a href=\"https:\/\/originaisdechicoxavier.com.br\/?p=1435\">Mission\u00e1rio da ordem pol\u00edtica<\/a>  1945-10-31<\/li><li><a href=\"https:\/\/originaisdechicoxavier.com.br\/?p=1441\">A nossa ora\u00e7\u00e3o \u00e9 uma fonte de fortaleza<\/a>  1945-10-10<\/li><li><a href=\"https:\/\/originaisdechicoxavier.com.br\/?p=1444\">Tr\u00eas de outubro<\/a>  1945-10-03<\/li><li><a href=\"https:\/\/originaisdechicoxavier.com.br\/?p=1433\">A fam\u00edlia \u00e9 um relic\u00e1rio<\/a>  1945-09-16<\/li><li><a href=\"https:\/\/originaisdechicoxavier.com.br\/?p=1449\">Lavoura bendita<\/a>  1945-09-12<\/li><li><a href=\"https:\/\/originaisdechicoxavier.com.br\/?p=1455\">O destino da terra brasileira<\/a>  1945-07-18<\/li><li><a href=\"https:\/\/originaisdechicoxavier.com.br\/?p=1446\">O lar em sua express\u00e3o espiritual<\/a>  1945-07-11<\/li><li><a href=\"https:\/\/originaisdechicoxavier.com.br\/?p=1431\">N\u00e3o se atormente diante de t\u00e3o pouco<\/a>  1945-07-04<\/li><li><a href=\"https:\/\/originaisdechicoxavier.com.br\/?p=1459\">Roberto<\/a>  1945-06-30<\/li><li><a href=\"https:\/\/originaisdechicoxavier.com.br\/?p=1429\">A cultura da amizade<\/a>  1945-06-22<\/li><li><a href=\"https:\/\/originaisdechicoxavier.com.br\/?p=1450\">Amem, filhos, o trabalho que o Divino Mestre lhes confiou<\/a>  1945-06-13<\/li><li><a href=\"https:\/\/originaisdechicoxavier.com.br\/?p=1447\">A amizade \u00e9 uma flor com perfume<\/a>  1945-06-06<\/li><li><a href=\"https:\/\/originaisdechicoxavier.com.br\/?p=1439\">Felizes os que organizarem seus caminhos<\/a>  1945-05-30<\/li><li><a href=\"https:\/\/originaisdechicoxavier.com.br\/?p=1453\">Maria ainda n\u00e3o tinha vindo<\/a>  1945-05-16<\/li><li><a href=\"https:\/\/originaisdechicoxavier.com.br\/?p=1451\">Materializa\u00e7\u00e3o em Uberaba<\/a>  1945-05-11<\/li><li><a href=\"https:\/\/originaisdechicoxavier.com.br\/?p=1434\">Cooperando nos passes<\/a>  1945-04-25<\/li><li><a href=\"https:\/\/originaisdechicoxavier.com.br\/?p=1448\">Na continua\u00e7\u00e3o de nossas preces<\/a>  1945-04-18<\/li><li><a href=\"https:\/\/originaisdechicoxavier.com.br\/?p=1458\">Sem a paz \u00edntima, \u00e9 d\u00edficil curarmos-nos<\/a>  1945-04-11<\/li><li><a href=\"https:\/\/originaisdechicoxavier.com.br\/?p=1440\">O templo das c\u00e9lulas \u00e9 divino<\/a>  1945-04-04<\/li><li><a href=\"https:\/\/originaisdechicoxavier.com.br\/?p=1460\">Muito sofre quem muito ama<\/a>  1945-03-21<\/li><li><a href=\"https:\/\/originaisdechicoxavier.com.br\/?p=1445\">A f\u00e9 no futuro \u00e9 a sa\u00fade do esp\u00edrito<\/a>  1945-02-28<\/li><li><a href=\"https:\/\/originaisdechicoxavier.com.br\/?p=1456\">Um av\u00f4 pode dar o bra\u00e7o ao seu neto<\/a>  1945-02-14<\/li><li><a href=\"https:\/\/originaisdechicoxavier.com.br\/?p=1457\">As reuni\u00f5es familiares<\/a>  1945-02-07<\/li><li><a href=\"https:\/\/originaisdechicoxavier.com.br\/?p=1461\">Distribuindo o p\u00e3o do entendimento<\/a>  1945-01-10<\/li><li><a href=\"https:\/\/originaisdechicoxavier.com.br\/?p=1134\">Estou satisfeito, meus filhos<\/a>  1944-12-27<\/li><li><a href=\"https:\/\/originaisdechicoxavier.com.br\/?p=1123\">Dez anos de Vida verdadeira<\/a>  1944-12-20<\/li><li><a href=\"https:\/\/originaisdechicoxavier.com.br\/?p=1118\">Homenagem ao Professor Joviano<\/a>  1944-12-14<\/li><li><a href=\"https:\/\/originaisdechicoxavier.com.br\/?p=1132\">Dez Anos<\/a>  1944-12-14<\/li><li><a href=\"https:\/\/originaisdechicoxavier.com.br\/?p=1122\">Bem-Aventurados os minutos<\/a>  1944-12-06<\/li><li><a href=\"https:\/\/originaisdechicoxavier.com.br\/?p=1107\">Continuamos em nosso culto de ora\u00e7\u00f5es<\/a>  1944-11-29<\/li><li><a href=\"https:\/\/originaisdechicoxavier.com.br\/?p=1125\">A nutri\u00e7\u00e3o do f\u00edsico e a da alma<\/a>  1944-11-15<\/li><li><a href=\"https:\/\/originaisdechicoxavier.com.br\/?p=1146\">Que os mortos enterrem os seus mortos<\/a>  1944-11-01<\/li><li><a href=\"https:\/\/originaisdechicoxavier.com.br\/?p=1131\">Procurando a caminho mais certo<\/a>  1944-10-25<\/li><li><a href=\"https:\/\/originaisdechicoxavier.com.br\/?p=1141\">Cada dia no evangelho \u00e9 um novo marco<\/a>  1944-10-18<\/li><li><a href=\"https:\/\/originaisdechicoxavier.com.br\/?p=1129\">\u00c9 muito grande a movimenta\u00e7\u00e3o<\/a>  1944-10-04<\/li><li><a href=\"https:\/\/originaisdechicoxavier.com.br\/?p=1103\">Guardem, pois, a b\u00fassola da F\u00e9 viva<\/a>  1944-09-27<\/li><li><a href=\"https:\/\/originaisdechicoxavier.com.br\/?p=1097\">Benditas as bocas que amem<\/a>  1944-09-20<\/li><li><a href=\"https:\/\/originaisdechicoxavier.com.br\/?p=1133\">O corpo n\u00e3o separa os pensamentos<\/a>  1944-09-13<\/li><li><a href=\"https:\/\/originaisdechicoxavier.com.br\/?p=1094\">O evangelho \u00e9 a nossa fonte<\/a>  1944-08-30<\/li><li><a href=\"https:\/\/originaisdechicoxavier.com.br\/?p=1102\">No anivers\u00e1rio da Fazenda<\/a>  1944-08-23<\/li><li><a href=\"https:\/\/originaisdechicoxavier.com.br\/?p=1104\">Estamos seguindo de perto as lutas<\/a>  1944-08-09<\/li><li><a href=\"https:\/\/originaisdechicoxavier.com.br\/?p=1081\">Nao existe mal que o bem n\u00e3o possa vencer<\/a>  1944-08-02<\/li><li><a href=\"https:\/\/originaisdechicoxavier.com.br\/?p=1084\">No limiar dum curso masi elevado<\/a>  1944-07-26<\/li><li><a href=\"https:\/\/originaisdechicoxavier.com.br\/?p=1078\">A subida exige esfor\u00e7o e suor icessantes<\/a>  1944-07-10<\/li><li><a href=\"https:\/\/originaisdechicoxavier.com.br\/?p=1101\">A alma do nosso grupo<\/a>  1944-06-24<\/li><li><a href=\"https:\/\/originaisdechicoxavier.com.br\/?p=1086\">No local \u00edntimo em que se ora<\/a>  1944-06-15<\/li><li><a href=\"https:\/\/originaisdechicoxavier.com.br\/?p=1087\">A casa tem sempre uma voz diferente<\/a>  1944-06-02<\/li><li><a href=\"https:\/\/originaisdechicoxavier.com.br\/?p=1113\">As vibra\u00e7\u00f5es mal\u00e9ficas<\/a>  1944-05-17<\/li><li><a href=\"https:\/\/originaisdechicoxavier.com.br\/?p=1120\">O quadro de combate espiritual na Terra<\/a>  1944-05-12<\/li><li><a href=\"https:\/\/originaisdechicoxavier.com.br\/?p=1075\">A maior sintonia proporciona<\/a>  1944-04-05<\/li><li><a href=\"https:\/\/originaisdechicoxavier.com.br\/?p=1096\">A sua experi\u00eancia ps\u00edquica<\/a>  1944-03-22<\/li><li><a href=\"https:\/\/originaisdechicoxavier.com.br\/?p=1119\">O imenso benef\u00edcio da f\u00e9 sincera<\/a>  1944-03-16<\/li><li><a href=\"https:\/\/originaisdechicoxavier.com.br\/?p=1092\">Conversamos uns com os outros pelo<\/a>  1944-03-01<\/li><li><a href=\"https:\/\/originaisdechicoxavier.com.br\/?p=1074\">A dificuldade, o testemunho e<\/a>  1944-02-23<\/li><li><a href=\"https:\/\/originaisdechicoxavier.com.br\/?p=1088\">Ha alimento do corpo e da alma<\/a>  1944-02-09<\/li><li><a href=\"https:\/\/originaisdechicoxavier.com.br\/?p=1098\">O novo livro de Andr\u00e9 Luiz<\/a>  1944-01-26<\/li><li><a href=\"https:\/\/originaisdechicoxavier.com.br\/?p=1080\">O h\u00e1bito da ora\u00e7\u00e3o construtiva<\/a>  1944-01-12<\/li><li><a href=\"https:\/\/originaisdechicoxavier.com.br\/?p=1095\">Um velho tem prioridade<\/a>  1944-01-05<\/li><li><a href=\"https:\/\/originaisdechicoxavier.com.br\/?p=811\">Vinte anos t\u00eam sido vinte dias<\/a>  1943-12-29<\/li><li><a href=\"https:\/\/originaisdechicoxavier.com.br\/?p=783\">A estrela da grande noite<\/a>  1943-12-22<\/li><li><a href=\"https:\/\/originaisdechicoxavier.com.br\/?p=802\">Meu anivers\u00e1rio espiritual<\/a>  1943-12-14<\/li><li><a href=\"https:\/\/originaisdechicoxavier.com.br\/?p=832\">A natureza \u00e9 a B\u00edblia viva<\/a>  1943-12-08<\/li><li><a href=\"https:\/\/originaisdechicoxavier.com.br\/?p=813\">Recordar \u00e9 vive outra vez<\/a>  1943-11-18<\/li><li><a href=\"https:\/\/originaisdechicoxavier.com.br\/?p=790\">A uni\u00e3o espirita no casamento<\/a>  1943-10-27<\/li><li><a href=\"https:\/\/originaisdechicoxavier.com.br\/?p=814\">Narcisa veio at\u00e9 n\u00f3s como benfeitora<\/a>  1943-10-20<\/li><li><a href=\"https:\/\/originaisdechicoxavier.com.br\/?p=801\">O Novo Testamento<\/a>  1943-10-06<\/li><li><a href=\"https:\/\/originaisdechicoxavier.com.br\/?p=809\">A B\u00edblia divina da natureza<\/a>  1943-09-30<\/li><li><a href=\"https:\/\/originaisdechicoxavier.com.br\/?p=777\">O ar atende aos pulm\u00f5es, o mar,<\/a>  1943-09-23<\/li><li><a href=\"https:\/\/originaisdechicoxavier.com.br\/?p=806\">Nem s\u00f3 de p\u00e3o vive o homem<\/a>  1943-09-08<\/li><li><a href=\"https:\/\/originaisdechicoxavier.com.br\/?p=808\">A seara \u00e9 grande<\/a>  1943-09-01<\/li><li><a href=\"https:\/\/originaisdechicoxavier.com.br\/?p=782\">Aprendendo a seguir o Cristo<\/a>  1943-08-25<\/li><li><a href=\"https:\/\/originaisdechicoxavier.com.br\/?p=803\">As sugest\u00f5es do livro Nosso Lar<\/a>  1943-08-18<\/li><li><a href=\"https:\/\/originaisdechicoxavier.com.br\/?p=792\">O oper\u00e1rio e sua obra<\/a>  1943-08-05<\/li><li><a href=\"https:\/\/originaisdechicoxavier.com.br\/?p=788\">O eco das palavras sem som<\/a>  1943-07-14<\/li><li><a href=\"https:\/\/originaisdechicoxavier.com.br\/?p=827\">H\u00e1 sempre uma tranquilidade<\/a>  1943-07-07<\/li><li><a href=\"https:\/\/originaisdechicoxavier.com.br\/?p=780\">Toda nuvem passa<\/a>  1943-06-24<\/li><li><a href=\"https:\/\/originaisdechicoxavier.com.br\/?p=799\">Mol\u00e9stias da alma s\u00e3o mais graves<\/a>  1943-06-09<\/li><li><a href=\"https:\/\/originaisdechicoxavier.com.br\/?p=791\">A f\u00e9 n\u00e3o representa realiza\u00e7\u00e3o ocasional<\/a>  1943-06-02<\/li><li><a href=\"https:\/\/originaisdechicoxavier.com.br\/?p=810\">Estaremos juntos para quaisquer<\/a>  1943-05-22<\/li><li><a href=\"https:\/\/originaisdechicoxavier.com.br\/?p=796\">Nao cochece o esp\u00edrito e<\/a>  1943-05-19<\/li><li><a href=\"https:\/\/originaisdechicoxavier.com.br\/?p=812\">Tudo hoje, para n\u00f3s, aparece no prisma<\/a>  1943-04-27<\/li><li><a href=\"https:\/\/originaisdechicoxavier.com.br\/?p=831\">No banho espiritual da ora\u00e7\u00e3o<\/a>  1943-04-21<\/li><li><a href=\"https:\/\/originaisdechicoxavier.com.br\/?p=784\">A historia de Alcione \u00e9 uma grande carta<\/a>  1943-03-31<\/li><li><a href=\"https:\/\/originaisdechicoxavier.com.br\/?p=776\">As energias do homem na mocidade<\/a>  1943-03-10<\/li><li><a href=\"https:\/\/originaisdechicoxavier.com.br\/?p=816\">Carta ao Roberto<\/a>  1943-02-24<\/li><li><a href=\"https:\/\/originaisdechicoxavier.com.br\/?p=789\">N\u00e3o se entregue \u00e0 doen\u00e7a<\/a>  1943-02-10<\/li><li><a href=\"https:\/\/originaisdechicoxavier.com.br\/?p=794\">A sa\u00fade f\u00edsica \u00e9 um tesouro<\/a>  1943-02-03<\/li><li><a href=\"https:\/\/originaisdechicoxavier.com.br\/?p=800\">Toda defesa justa traz o seu conte\u00fado<\/a>  1943-01-13<\/li><li><a href=\"https:\/\/originaisdechicoxavier.com.br\/?p=586\">Assistindo ao culto familiar<\/a>  1942-12-16<\/li><li><a href=\"https:\/\/originaisdechicoxavier.com.br\/?p=579\">Na casa de Cristo<\/a>  1942-12-09<\/li><li><a href=\"https:\/\/originaisdechicoxavier.com.br\/?p=576\">Palavras velhas de um amor sempre novo<\/a>  1942-11-11<\/li><li><a href=\"https:\/\/originaisdechicoxavier.com.br\/?p=585\">A Lembran\u00e7a \u00e9 palestra \u00edntima<\/a>  1942-11-03<\/li><li><a href=\"https:\/\/originaisdechicoxavier.com.br\/?p=580\">Divina escola, a da vida<\/a>  1942-10-28<\/li><li><a href=\"https:\/\/originaisdechicoxavier.com.br\/?p=577\">Em nossa permanete casa espiritual<\/a>  1942-10-21<\/li><li><a href=\"https:\/\/originaisdechicoxavier.com.br\/?p=597\">O amor tem as suas obriga\u00e7\u00f5es<\/a>  1942-10-07<\/li><li><a href=\"https:\/\/originaisdechicoxavier.com.br\/?p=581\">N\u00e3o esque\u00e7am a \u00e1gua fluida<\/a>  1942-09-23<\/li><li><a href=\"https:\/\/originaisdechicoxavier.com.br\/?p=587\">O altar da f\u00e9 nos chama a sublimes<\/a>  1942-09-16<\/li><li><a href=\"https:\/\/originaisdechicoxavier.com.br\/?p=590\">Os que souberem guardar a f\u00e9<\/a>  1942-09-02<\/li><li><a href=\"https:\/\/originaisdechicoxavier.com.br\/?p=588\">O cuidado paterno n\u00e3o se extinge<\/a>  1942-08-19<\/li><li><a href=\"https:\/\/originaisdechicoxavier.com.br\/?p=589\">O esp\u00edrito de trabalho fornece t\u00f4nicos<\/a>  1942-08-05<\/li><li><a href=\"https:\/\/originaisdechicoxavier.com.br\/?p=596\">Uma sublime reuni\u00e3o<\/a>  1942-06-24<\/li><li><a href=\"https:\/\/originaisdechicoxavier.com.br\/?p=583\">Oportunidades de servico com Cristo<\/a>  1942-06-10<\/li><li><a href=\"https:\/\/originaisdechicoxavier.com.br\/?p=582\">O mundo tem muitas teorias, mas<\/a>  1942-06-03<\/li><li><a href=\"https:\/\/originaisdechicoxavier.com.br\/?p=595\">O lar e uma bencao<\/a>  1942-05-10<\/li><li><a href=\"https:\/\/originaisdechicoxavier.com.br\/?p=584\">As falas do lar<\/a>  1942-04-22<\/li><li><a href=\"https:\/\/originaisdechicoxavier.com.br\/?p=591\">A Bahia tem as suas origialidades<\/a>  1942-04-01<\/li><li><a href=\"https:\/\/originaisdechicoxavier.com.br\/?p=593\">Receitas para as longas viagens<\/a>  1942-03-06<\/li><li><a href=\"https:\/\/originaisdechicoxavier.com.br\/?p=578\">Tudo passa em transformacoes<\/a>  1942-03-04<\/li><li><a href=\"https:\/\/originaisdechicoxavier.com.br\/?p=592\">Sobre o culto dom\u00e9stico<\/a>  1942-02-04<\/li><li><a href=\"https:\/\/originaisdechicoxavier.com.br\/?p=594\">O 11 de janeiro e o prefacio de Renuncia<\/a>  1942-01-07<\/li><li><a href=\"https:\/\/originaisdechicoxavier.com.br\/?p=442\">O culto dom\u00e9stico<\/a>  1941-12-24<\/li><li><a href=\"https:\/\/originaisdechicoxavier.com.br\/?p=465\">A Wanda e ao Roberto<\/a>  1941-11-05<\/li><li><a href=\"https:\/\/originaisdechicoxavier.com.br\/?p=466\">Na teia das provas purificadoras<\/a>  1941-10-08<\/li><li><a href=\"https:\/\/originaisdechicoxavier.com.br\/?p=436\">A famosa hist\u00f3ria de Alcione<\/a>  1941-09-24<\/li><li><a href=\"https:\/\/originaisdechicoxavier.com.br\/?p=439\">Amaivos<\/a>  1941-09-03<\/li><li><a href=\"https:\/\/originaisdechicoxavier.com.br\/?p=458\">Sobre a consulta<\/a>  1941-09-03<\/li><li><a href=\"https:\/\/originaisdechicoxavier.com.br\/?p=454\">Sobre Alcione<\/a>  1941-08-27<\/li><li><a href=\"https:\/\/originaisdechicoxavier.com.br\/?p=426\">Consulta de Emmanuel<\/a>  1941-08-27<\/li><li><a href=\"https:\/\/originaisdechicoxavier.com.br\/?p=440\">Continuando a tarefa sagrada<\/a>  1941-08-06<\/li><li><a href=\"https:\/\/originaisdechicoxavier.com.br\/?p=460\">O lar e uma conquista de alma<\/a>  1941-07-09<\/li><li><a href=\"https:\/\/originaisdechicoxavier.com.br\/?p=425\">Lembran\u00e7a de C\u00e9lia<\/a>  1941-06-25<\/li><li><a href=\"https:\/\/originaisdechicoxavier.com.br\/?p=433\">Sanat\u00f3rio de Uberaba<\/a>  1941-05-13<\/li><li><a href=\"https:\/\/originaisdechicoxavier.com.br\/?p=457\">Sobre a biografia de Paulo de Tarso<\/a>  1941-04-23<\/li><li><a href=\"https:\/\/originaisdechicoxavier.com.br\/?p=452\">Caius Fluvius<\/a>  1941-04-01<\/li><li><a href=\"https:\/\/originaisdechicoxavier.com.br\/?p=435\">Palavras aos netos<\/a>  1941-03-15<\/li><li><a href=\"https:\/\/originaisdechicoxavier.com.br\/?p=434\">Nossa prece<\/a>  1941-02-26<\/li><li><a href=\"https:\/\/originaisdechicoxavier.com.br\/?p=455\">Fly<\/a>  1941-02-05<\/li><li><a href=\"https:\/\/originaisdechicoxavier.com.br\/?p=431\">O lar \u00e9 o cadinho sagrado<\/a>  1941-01-29<\/li><li><a href=\"https:\/\/originaisdechicoxavier.com.br\/?p=424\">A grandeza espiritual de Celia<\/a>  1941-01-22<\/li><li><a href=\"https:\/\/originaisdechicoxavier.com.br\/?p=444\">Na rotina do trabalho terrestre<\/a>  1941-01-08<\/li><li><a href=\"https:\/\/originaisdechicoxavier.com.br\/?p=427\">Esperanca do ano novo que surge<\/a>  1941-01-01<\/li><li><a href=\"https:\/\/originaisdechicoxavier.com.br\/?p=332\">Um natal cheio de paz<\/a>  1940-12-25<\/li><li><a href=\"https:\/\/originaisdechicoxavier.com.br\/?p=320\">Entendemo-nos pelo cora\u00e7\u00e3o<\/a>  1940-12-18<\/li><li><a href=\"https:\/\/originaisdechicoxavier.com.br\/?p=317\">Telegrama espiritual aos netos<\/a>  1940-11-06<\/li><li><a href=\"https:\/\/originaisdechicoxavier.com.br\/?p=310\">O modesto escrit\u00f3rio<\/a>  1940-10-30<\/li><li><a href=\"https:\/\/originaisdechicoxavier.com.br\/?p=303\">Elos de uma corrente prodigiosa<\/a>  1940-10-09<\/li><li><a href=\"https:\/\/originaisdechicoxavier.com.br\/?p=297\">O batismo da luz<\/a>  1940-09-25<\/li><li><a href=\"https:\/\/originaisdechicoxavier.com.br\/?p=290\">Sangue, agu\u00e1 e amor<\/a>  1940-09-11<\/li><li><a href=\"https:\/\/originaisdechicoxavier.com.br\/?p=282\">No ambiente de nossos livros<\/a>  1940-08-14<\/li><li><a href=\"https:\/\/originaisdechicoxavier.com.br\/?p=273\">Os que realizam e os que criticam<\/a>  1940-07-03<\/li><li><a href=\"https:\/\/originaisdechicoxavier.com.br\/?p=266\">O velho av\u00f4 sente-se bem<\/a>  1940-06-19<\/li><li><a href=\"https:\/\/originaisdechicoxavier.com.br\/?p=260\">Votos de boas-vindas<\/a>  1940-05-23<\/li><li><a href=\"https:\/\/originaisdechicoxavier.com.br\/?p=253\">A palavra de C\u00e9lia<\/a>  1940-03-27<\/li><li><a href=\"https:\/\/originaisdechicoxavier.com.br\/?p=245\">Nota Afetuosa<\/a>  1940-03-20<\/li><li><a href=\"https:\/\/originaisdechicoxavier.com.br\/?p=233\">A lembran\u00e7a de C\u00e9lia<\/a>  1940-01-24<\/li><li><a href=\"https:\/\/originaisdechicoxavier.com.br\/?p=238\">O horto de Helv\u00eddio<\/a>  1940-01-14<\/li><li><a href=\"https:\/\/originaisdechicoxavier.com.br\/?p=225\">O contato afetivo<\/a>  1940-01-11<\/li><\/ul>\n","protected":false},"excerpt":{"rendered":"","protected":false},"author":2,"featured_media":0,"parent":0,"menu_order":0,"comment_status":"closed","ping_status":"closed","template":"","meta":{"footnotes":""},"class_list":["post-2478","page","type-page","status-publish","hentry"],"_links":{"self":[{"href":"https:\/\/originaisdechicoxavier.com.br\/index.php?rest_route=\/wp\/v2\/pages\/2478","targetHints":{"allow":["GET"]}}],"collection":[{"href":"https:\/\/originaisdechicoxavier.com.br\/index.php?rest_route=\/wp\/v2\/pages"}],"about":[{"href":"https:\/\/originaisdechicoxavier.com.br\/index.php?rest_route=\/wp\/v2\/types\/page"}],"author":[{"embeddable":true,"href":"https:\/\/originaisdechicoxavier.com.br\/index.php?rest_route=\/wp\/v2\/users\/2"}],"replies":[{"embeddable":true,"href":"https:\/\/originaisdechicoxavier.com.br\/index.php?rest_route=%2Fwp%2Fv2%2Fcomments&post=2478"}],"version-history":[{"count":1,"href":"https:\/\/originaisdechicoxavier.com.br\/index.php?rest_route=\/wp\/v2\/pages\/2478\/revisions"}],"predecessor-version":[{"id":2481,"href":"https:\/\/originaisdechicoxavier.com.br\/index.php?rest_route=\/wp\/v2\/pages\/2478\/revisions\/2481"}],"wp:attachment":[{"href":"https:\/\/originaisdechicoxavier.com.br\/index.php?rest_route=%2Fwp%2Fv2%2Fmedia&parent=2478"}],"curies":[{"name":"wp","href":"https:\/\/api.w.org\/{rel}","templated":true}]}}