{"id":3880,"date":"2025-01-16T14:36:46","date_gmt":"2025-01-16T17:36:46","guid":{"rendered":"https:\/\/originaisdechicoxavier.com.br\/?page_id=3880"},"modified":"2025-01-16T14:36:47","modified_gmt":"2025-01-16T17:36:47","slug":"colheita-do-bem","status":"publish","type":"page","link":"https:\/\/originaisdechicoxavier.com.br\/?page_id=3880","title":{"rendered":"Colheita do Bem"},"content":{"rendered":"\n<ul class=\"lcp_catlist\" id=\"lcp_instance_0\"><li><a href=\"https:\/\/originaisdechicoxavier.com.br\/?p=3821\">N\u00e3o prejulguemos<\/a>  1952-04-01<\/li><li><a href=\"https:\/\/originaisdechicoxavier.com.br\/?p=3822\">A vida \u00e9 imensa<\/a>  1952-03-26<\/li><li><a href=\"https:\/\/originaisdechicoxavier.com.br\/?p=3819\">Uma viagem<\/a>  1952-03-19<\/li><li><a href=\"https:\/\/originaisdechicoxavier.com.br\/?p=3815\">Aguardemos<\/a>  1952-03-12<\/li><li><a href=\"https:\/\/originaisdechicoxavier.com.br\/?p=3831\">Quem conhece o dia de amanh\u00e3?<\/a>  1952-03-05<\/li><li><a href=\"https:\/\/originaisdechicoxavier.com.br\/?p=3818\">N\u00e3o estamos desanimados&#8230;<\/a>  1952-02-20<\/li><li><a href=\"https:\/\/originaisdechicoxavier.com.br\/?p=3820\">\u00c9, sem d\u00favida, uma hora de incertezas<\/a>  1952-01-23<\/li><li><a href=\"https:\/\/originaisdechicoxavier.com.br\/?p=3816\">Que Jesus nos inspire as resolu\u00e7\u00f5es&#8230;<\/a>  1952-01-16<\/li><li><a href=\"https:\/\/originaisdechicoxavier.com.br\/?p=3817\">Hora da justi\u00e7a, na recupera\u00e7\u00e3o&#8230;<\/a>  1952-01-09<\/li><li><a href=\"https:\/\/originaisdechicoxavier.com.br\/?p=3673\">Na Terra, o lar \u00e9 coroa sublime<\/a>  1951-12-26<\/li><li><a href=\"https:\/\/originaisdechicoxavier.com.br\/?p=3685\">J\u00fabilos do c\u00edrculo dom\u00e9stico<\/a>  1951-12-19<\/li><li><a href=\"https:\/\/originaisdechicoxavier.com.br\/?p=3687\">Nosso m\u00e9rito consiste&#8230;<\/a>  1951-12-12<\/li><li><a href=\"https:\/\/originaisdechicoxavier.com.br\/?p=3686\">Resist\u00eancia espiritual<\/a>  1951-12-05<\/li><li><a href=\"https:\/\/originaisdechicoxavier.com.br\/?p=3692\">Cumpramos as tarefas do hoje<\/a>  1951-11-21<\/li><li><a href=\"https:\/\/originaisdechicoxavier.com.br\/?p=3667\">Ao nos reunirmos em outro lar<\/a>  1951-11-14<\/li><li><a href=\"https:\/\/originaisdechicoxavier.com.br\/?p=3676\">Atenda aos imperativos&#8230;<\/a>  1951-10-22<\/li><li><a href=\"https:\/\/originaisdechicoxavier.com.br\/?p=3681\">Sigamos com calma<\/a>  1951-10-17<\/li><li><a href=\"https:\/\/originaisdechicoxavier.com.br\/?p=3679\">Corpo, alma, mente e esp\u00edrito<\/a>  1951-10-03<\/li><li><a href=\"https:\/\/originaisdechicoxavier.com.br\/?p=3684\">Melhoremos a nossa vis\u00e3o<\/a>  1951-09-26<\/li><li><a href=\"https:\/\/originaisdechicoxavier.com.br\/?p=3668\">Tenhamos calma e passemos<\/a>  1951-09-12<\/li><li><a href=\"https:\/\/originaisdechicoxavier.com.br\/?p=3674\">A prece \u00e9 o nosso ponto de apoio<\/a>  1951-09-05<\/li><li><a href=\"https:\/\/originaisdechicoxavier.com.br\/?p=3664\">Quem nada faz nada tem a perder<\/a>  1951-08-29<\/li><li><a href=\"https:\/\/originaisdechicoxavier.com.br\/?p=3672\">O trabalho tem falado em seu nome<\/a>  1951-08-15<\/li><li><a href=\"https:\/\/originaisdechicoxavier.com.br\/?p=3660\">No ambiente de trabalho<\/a>  1951-08-01<\/li><li><a href=\"https:\/\/originaisdechicoxavier.com.br\/?p=3658\">Vantagem nas jornadas fraternas<\/a>  1951-07-11<\/li><li><a href=\"https:\/\/originaisdechicoxavier.com.br\/?p=3666\">A nossa prosperidade interior<\/a>  1951-07-05<\/li><li><a href=\"https:\/\/originaisdechicoxavier.com.br\/?p=3649\">Volvamos o olhar e o pensamento&#8230;<\/a>  1951-06-27<\/li><li><a href=\"https:\/\/originaisdechicoxavier.com.br\/?p=3647\">Reminisc\u00eancias do Dia de C\u00e9lia<\/a>  1951-06-20<\/li><li><a href=\"https:\/\/originaisdechicoxavier.com.br\/?p=3632\">A tempestade continua<\/a>  1951-06-06<\/li><li><a href=\"https:\/\/originaisdechicoxavier.com.br\/?p=3651\">Em uma cidade amiga<\/a>  1951-05-23<\/li><li><a href=\"https:\/\/originaisdechicoxavier.com.br\/?p=3661\">Quem aprende est\u00e1 sempre servindo<\/a>  1951-05-16<\/li><li><a href=\"https:\/\/originaisdechicoxavier.com.br\/?p=3628\">O passado espiritual<\/a>  1951-05-09<\/li><li><a href=\"https:\/\/originaisdechicoxavier.com.br\/?p=3635\">Sobre o programa anual das viagens<\/a>  1951-04-25<\/li><li><a href=\"https:\/\/originaisdechicoxavier.com.br\/?p=3645\">O quadro do dia 12 de abril<\/a>  1951-04-17<\/li><li><a href=\"https:\/\/originaisdechicoxavier.com.br\/?p=3626\">Estamos a plena luta<\/a>  1951-04-11<\/li><li><a href=\"https:\/\/originaisdechicoxavier.com.br\/?p=3654\">Demonstrou apreci\u00e1vel&#8230;<\/a>  1951-04-04<\/li><li><a href=\"https:\/\/originaisdechicoxavier.com.br\/?p=3644\">No trabalho pac\u00edfico<\/a>  1951-03-28<\/li><li><a href=\"https:\/\/originaisdechicoxavier.com.br\/?p=3624\">Observo, com voc\u00eas, a tempestade<\/a>  1951-03-21<\/li><li><a href=\"https:\/\/originaisdechicoxavier.com.br\/?p=3631\">Nas lutas redentoras<\/a>  1951-03-14<\/li><li><a href=\"https:\/\/originaisdechicoxavier.com.br\/?p=3650\">\u00c9 necess\u00e1ria a confian\u00e7a nos poderes&#8230;<\/a>  1951-03-07<\/li><li><a href=\"https:\/\/originaisdechicoxavier.com.br\/?p=3630\">Quando vencemos o abc do racioc\u00ednio<\/a>  1951-02-21<\/li><li><a href=\"https:\/\/originaisdechicoxavier.com.br\/?p=3638\">No livro do cora\u00e7\u00e3o<\/a>  1951-02-14<\/li><li><a href=\"https:\/\/originaisdechicoxavier.com.br\/?p=3636\">Indica\u00e7\u00f5es do cl\u00ednico amigo<\/a>  1951-02-07<\/li><li><a href=\"https:\/\/originaisdechicoxavier.com.br\/?p=3622\">Ao meu caro neto<\/a>  1951-01-24<\/li><li><a href=\"https:\/\/originaisdechicoxavier.com.br\/?p=3639\">\u00c0 nossa querida Maria<\/a>  1951-01-10<\/li><li><a href=\"https:\/\/originaisdechicoxavier.com.br\/?p=3200\">Um 27 jubilar<\/a>  1950-12-27<\/li><li><a href=\"https:\/\/originaisdechicoxavier.com.br\/?p=3206\">Aos nossos benfeitores da Vida Maior<\/a>  1950-12-20<\/li><li><a href=\"https:\/\/originaisdechicoxavier.com.br\/?p=3210\">Dezesseis anos de vida nova<\/a>  1950-12-13<\/li><li><a href=\"https:\/\/originaisdechicoxavier.com.br\/?p=3198\">A escola est\u00e1 viva dentro de mim<\/a>  1950-12-06<\/li><li><a href=\"https:\/\/originaisdechicoxavier.com.br\/?p=3203\">A Escola Rural Jo\u00e3o de Barro<\/a>  1950-11-22<\/li><li><a href=\"https:\/\/originaisdechicoxavier.com.br\/?p=3196\">Cada desencarna\u00e7\u00e3o \u00e9 regresso&#8230;<\/a>  1950-11-15<\/li><li><a href=\"https:\/\/originaisdechicoxavier.com.br\/?p=3207\">15 anos do correio da ternura<\/a>  1950-11-08<\/li><li><a href=\"https:\/\/originaisdechicoxavier.com.br\/?p=3199\">Wanda e Ott\u00edlia<\/a>  1950-11-01<\/li><li><a href=\"https:\/\/originaisdechicoxavier.com.br\/?p=3173\">A prece \u00e9 um banho de luz<\/a>  1950-10-26<\/li><li><a href=\"https:\/\/originaisdechicoxavier.com.br\/?p=3159\">Ata semanal do templo dom\u00e9stico<\/a>  1950-10-18<\/li><li><a href=\"https:\/\/originaisdechicoxavier.com.br\/?p=3184\">Uma visita mais direta<\/a>  1950-10-11<\/li><li><a href=\"https:\/\/originaisdechicoxavier.com.br\/?p=3168\">N\u00e3o se preocupem demasiado<\/a>  1950-10-04<\/li><li><a href=\"https:\/\/originaisdechicoxavier.com.br\/?p=3187\">O Evangelho \u00e9 tamb\u00e9m um lar&#8230;<\/a>  1950-09-27<\/li><li><a href=\"https:\/\/originaisdechicoxavier.com.br\/?p=3169\">Quem d\u00e1 recebe sempre<\/a>  1950-09-20<\/li><li><a href=\"https:\/\/originaisdechicoxavier.com.br\/?p=3177\">Duas \u00e9pocas de espiritualidade<\/a>  1950-09-06<\/li><li><a href=\"https:\/\/originaisdechicoxavier.com.br\/?p=3158\">O amanh\u00e3 \u00e9 sempre de Deus<\/a>  1950-08-30<\/li><li><a href=\"https:\/\/originaisdechicoxavier.com.br\/?p=3145\">A leitura do livro Jesus no lar<\/a>  1950-08-16<\/li><li><a href=\"https:\/\/originaisdechicoxavier.com.br\/?p=3170\">A exist\u00eancia no corpo \u00e9&#8230;<\/a>  1950-08-09<\/li><li><a href=\"https:\/\/originaisdechicoxavier.com.br\/?p=3142\">Cada dia \u00e9 portador de b\u00ean\u00e7\u00e3os&#8230;<\/a>  1950-08-02<\/li><li><a href=\"https:\/\/originaisdechicoxavier.com.br\/?p=3176\">Na Casa do Ip\u00ea&#8230;<\/a>  1950-07-26<\/li><li><a href=\"https:\/\/originaisdechicoxavier.com.br\/?p=3151\">A Casa do lp\u00ea<\/a>  1950-07-26<\/li><li><a href=\"https:\/\/originaisdechicoxavier.com.br\/?p=3179\">Casa do Ip\u00ea<\/a>  1950-07-26<\/li><li><a href=\"https:\/\/originaisdechicoxavier.com.br\/?p=3141\">Um filho, um neto s\u00e3o verg\u00f4nteas&#8230;<\/a>  1950-07-19<\/li><li><a href=\"https:\/\/originaisdechicoxavier.com.br\/?p=3160\">Valorizar os servicinhos de cada dia<\/a>  1950-07-06<\/li><li><a href=\"https:\/\/originaisdechicoxavier.com.br\/?p=3143\">Cada roupagem uma encarna\u00e7\u00e3o<\/a>  1950-06-14<\/li><li><a href=\"https:\/\/originaisdechicoxavier.com.br\/?p=3153\">B\u00ean\u00e7\u00e3os de amor e luz<\/a>  1950-06-07<\/li><li><a href=\"https:\/\/originaisdechicoxavier.com.br\/?p=3138\">A gaiola biol\u00f3gica<\/a>  1950-05-24<\/li><li><a href=\"https:\/\/originaisdechicoxavier.com.br\/?p=3171\">Exig\u00eancias do trabalho<\/a>  1950-05-17<\/li><li><a href=\"https:\/\/originaisdechicoxavier.com.br\/?p=3166\">A coroa do racioc\u00ednio<\/a>  1950-05-10<\/li><li><a href=\"https:\/\/originaisdechicoxavier.com.br\/?p=3154\">Dessas fontes sempre recebemos<\/a>  1950-04-26<\/li><li><a href=\"https:\/\/originaisdechicoxavier.com.br\/?p=3136\">A mediunidade de Wanda<\/a>  1950-04-19<\/li><li><a href=\"https:\/\/originaisdechicoxavier.com.br\/?p=3180\">No templo consagrado ao bem<\/a>  1950-04-05<\/li><li><a href=\"https:\/\/originaisdechicoxavier.com.br\/?p=3157\">A enfermidade reajusta<\/a>  1950-03-29<\/li><li><a href=\"https:\/\/originaisdechicoxavier.com.br\/?p=3182\">Servi\u00e7os de sublima\u00e7\u00e3o<\/a>  1950-03-01<\/li><li><a href=\"https:\/\/originaisdechicoxavier.com.br\/?p=3189\">H\u00e1 tempo de trabalho e tempo&#8230;<\/a>  1950-02-22<\/li><li><a href=\"https:\/\/originaisdechicoxavier.com.br\/?p=3148\">Auxiliemo-nos uns aos outros<\/a>  1950-02-01<\/li><li><a href=\"https:\/\/originaisdechicoxavier.com.br\/?p=3167\">Felicita\u00e7\u00f5es<\/a>  1950-01-11<\/li><li><a href=\"https:\/\/originaisdechicoxavier.com.br\/?p=3139\">Toda hora \u00e9 oportunidade&#8230;<\/a>  1950-01-04<\/li><li><a href=\"https:\/\/originaisdechicoxavier.com.br\/?p=2785\">Sagrada comunh\u00e3o<\/a>  1949-12-27<\/li><li><a href=\"https:\/\/originaisdechicoxavier.com.br\/?p=2789\">Mais um ano de vida nova&#8230;<\/a>  1949-12-21<\/li><li><a href=\"https:\/\/originaisdechicoxavier.com.br\/?p=2759\">Quem ama uma tarefa<\/a>  1949-11-30<\/li><li><a href=\"https:\/\/originaisdechicoxavier.com.br\/?p=2780\">Quatorze anos de Espiritismo&#8230;<\/a>  1949-11-16<\/li><li><a href=\"https:\/\/originaisdechicoxavier.com.br\/?p=2793\">Sublime \u00e9 o ensejo de semear<\/a>  1949-11-09<\/li><li><a href=\"https:\/\/originaisdechicoxavier.com.br\/?p=2760\">\u00c0 Bahia<\/a>  1949-10-12<\/li><li><a href=\"https:\/\/originaisdechicoxavier.com.br\/?p=2773\">Tratamento de reajuste<\/a>  1949-10-05<\/li><li><a href=\"https:\/\/originaisdechicoxavier.com.br\/?p=2784\">Um marco muito importante&#8230;<\/a>  1949-09-14<\/li><li><a href=\"https:\/\/originaisdechicoxavier.com.br\/?p=2763\">H\u00e1 15 anos<\/a>  1949-09-07<\/li><li><a href=\"https:\/\/originaisdechicoxavier.com.br\/?p=2779\">A vida na Terra \u00e9 um aprendizado<\/a>  1949-08-31<\/li><li><a href=\"https:\/\/originaisdechicoxavier.com.br\/?p=2801\">As luzes que o Espiritismo&#8230;<\/a>  1949-08-24<\/li><li><a href=\"https:\/\/originaisdechicoxavier.com.br\/?p=2774\">Conversa\u00e7\u00e3o sobre raios<\/a>  1949-08-10<\/li><li><a href=\"https:\/\/originaisdechicoxavier.com.br\/?p=2762\">Manoel da N\u00f3brega e P\u00fablio Lentulus<\/a>  1949-08-03<\/li><li><a href=\"https:\/\/originaisdechicoxavier.com.br\/?p=2792\">O servi\u00e7o da comunidade<\/a>  1949-07-27<\/li><li><a href=\"https:\/\/originaisdechicoxavier.com.br\/?p=2772\">O novo pensamento para o Roberto<\/a>  1949-07-20<\/li><li><a href=\"https:\/\/originaisdechicoxavier.com.br\/?p=2770\">Na viagem de cada dia<\/a>  1949-07-07<\/li><li><a href=\"https:\/\/originaisdechicoxavier.com.br\/?p=2761\">Amealhar p\u00e3o espiritual<\/a>  1949-06-15<\/li><li><a href=\"https:\/\/originaisdechicoxavier.com.br\/?p=2769\">Culto dom\u00e9stico do Evangelho<\/a>  1949-06-01<\/li><li><a href=\"https:\/\/originaisdechicoxavier.com.br\/?p=2766\">Nos recessos do lar<\/a>  1949-05-25<\/li><li><a href=\"https:\/\/originaisdechicoxavier.com.br\/?p=2775\">O mecanismo s\u00e1bio da Justi\u00e7a Celeste<\/a>  1949-05-18<\/li><li><a href=\"https:\/\/originaisdechicoxavier.com.br\/?p=2765\">Minha querida neta<\/a>  1949-05-11<\/li><li><a href=\"https:\/\/originaisdechicoxavier.com.br\/?p=2776\">Hoje \u00e9 noite consagrada pelo 27<\/a>  1949-04-27<\/li><li><a href=\"https:\/\/originaisdechicoxavier.com.br\/?p=2802\">Cada dia tem as suas surpresas<\/a>  1949-03-30<\/li><li><a href=\"https:\/\/originaisdechicoxavier.com.br\/?p=2777\">Reconquista da sa\u00fade<\/a>  1949-03-16<\/li><li><a href=\"https:\/\/originaisdechicoxavier.com.br\/?p=2768\">Na noite de 13 de fevereiro<\/a>  1949-03-02<\/li><li><a href=\"https:\/\/originaisdechicoxavier.com.br\/?p=2767\">Um pai e um av\u00f4 quando falam<\/a>  1949-02-09<\/li><li><a href=\"https:\/\/originaisdechicoxavier.com.br\/?p=2771\">Anivers\u00e1rio de Maria<\/a>  1949-01-12<\/li><li><a href=\"https:\/\/originaisdechicoxavier.com.br\/?p=2764\">\u00c0 frente dos trabalhos de 1949<\/a>  1949-01-05<\/li><\/ul>\n","protected":false},"excerpt":{"rendered":"","protected":false},"author":2,"featured_media":0,"parent":0,"menu_order":0,"comment_status":"closed","ping_status":"closed","template":"","meta":{"footnotes":""},"class_list":["post-3880","page","type-page","status-publish","hentry"],"_links":{"self":[{"href":"https:\/\/originaisdechicoxavier.com.br\/index.php?rest_route=\/wp\/v2\/pages\/3880","targetHints":{"allow":["GET"]}}],"collection":[{"href":"https:\/\/originaisdechicoxavier.com.br\/index.php?rest_route=\/wp\/v2\/pages"}],"about":[{"href":"https:\/\/originaisdechicoxavier.com.br\/index.php?rest_route=\/wp\/v2\/types\/page"}],"author":[{"embeddable":true,"href":"https:\/\/originaisdechicoxavier.com.br\/index.php?rest_route=\/wp\/v2\/users\/2"}],"replies":[{"embeddable":true,"href":"https:\/\/originaisdechicoxavier.com.br\/index.php?rest_route=%2Fwp%2Fv2%2Fcomments&post=3880"}],"version-history":[{"count":1,"href":"https:\/\/originaisdechicoxavier.com.br\/index.php?rest_route=\/wp\/v2\/pages\/3880\/revisions"}],"predecessor-version":[{"id":3881,"href":"https:\/\/originaisdechicoxavier.com.br\/index.php?rest_route=\/wp\/v2\/pages\/3880\/revisions\/3881"}],"wp:attachment":[{"href":"https:\/\/originaisdechicoxavier.com.br\/index.php?rest_route=%2Fwp%2Fv2%2Fmedia&parent=3880"}],"curies":[{"name":"wp","href":"https:\/\/api.w.org\/{rel}","templated":true}]}}